{"id":2200,"date":"2023-08-24T09:18:17","date_gmt":"2023-08-24T07:18:17","guid":{"rendered":"https:\/\/orourke.dk\/?page_id=2200"},"modified":"2023-08-24T09:39:00","modified_gmt":"2023-08-24T07:39:00","slug":"returns-and-refund-policy","status":"publish","type":"page","link":"https:\/\/orourke.dk\/da\/returns-and-refund-policy\/","title":{"rendered":"Returns and Refund Policy"},"content":{"rendered":"\t\t<div data-elementor-type=\"wp-page\" data-elementor-id=\"2200\" class=\"elementor elementor-2200\">\n\t\t\t\t\t\t<section class=\"elementor-section elementor-top-section elementor-element elementor-element-41973f1e elementor-section-boxed elementor-section-height-default elementor-section-height-default\" data-id=\"41973f1e\" data-element_type=\"section\">\n\t\t\t\t\t\t<div class=\"elementor-container elementor-column-gap-default\">\n\t\t\t\t\t<div class=\"elementor-column elementor-col-100 elementor-top-column elementor-element elementor-element-77162b93\" data-id=\"77162b93\" data-element_type=\"column\">\n\t\t\t<div class=\"elementor-widget-wrap elementor-element-populated\">\n\t\t\t\t\t\t<div class=\"elementor-element elementor-element-60d557c1 elementor-widget elementor-widget-text-editor\" data-id=\"60d557c1\" data-element_type=\"widget\" data-widget_type=\"text-editor.default\">\n\t\t\t\t<div class=\"elementor-widget-container\">\n\t\t\t\t\t\t\t\t\t<p><\/p>\n<h2 class=\"wp-block-heading\">30-day money-back guarantee<\/h2>\n<p><\/p>\n<p>I want you to be 100% satisfied with the artwork you purchase from me, therefore I offer a 30 day satisfation guarantee whereby, in the event you are not completely satisfied with your purchase, I will refund the full sales price (not including shipping costs).\u00a0<\/p>\n<p>All you need to do is to notify me via e-mail: daniel@orourke.dk within 30 days of your initial purchase, return the item in it&#8217;s original condition (at your own cost) and I will refund the full sales price of the item.\u00a0<\/p>\n<p>The item must be securely packaged to ensure no damage occurs in transit. I reserve the right to refuse a refund if the item is damaged in any way. It is therefore advisable to return the item as an insured and traceable package.\u00a0<\/p>\n<h2 style=\"margin-top: 2.29068em; margin-bottom: 0.540791em;\">30 dages tilfredshedsgaranti<\/h2>\n<p>Jeg \u00f8nsker, at du skal v\u00e6re 100% tilfreds med det kunstv\u00e6rk, du k\u00f8ber hos mig, derfor tilbyder jeg en 30 dages tilfredshedsgaranti, hvor jeg, hvis du ikke er helt tilfreds med dit k\u00f8b, refunderer den fulde salgspris (ikke inklusive forsendelsesomkostninger).\u00a0<\/p>\n<p>Du skal blot underrette mig via e-mail: daniel@orourke.dk inden for 30 dage efter dit f\u00f8rste k\u00f8b, returnere varen i sin oprindelige stand (for egen regning), og jeg refunderer den fulde salgspris for varen.<\/p>\n<p>Varen skal v\u00e6re forsvarligt emballeret for at sikre, at der ikke opst\u00e5r skader under transporten. Jeg forbeholder mig ret til at n\u00e6gte tilbagebetaling, hvis varen er beskadiget p\u00e5 nogen m\u00e5de. Det er derfor tilr\u00e5deligt at returnere varen som en forsikret og sporbar pakke.<\/p>\n<p><\/p>\t\t\t\t\t\t\t\t<\/div>\n\t\t\t\t<\/div>\n\t\t\t\t\t<\/div>\n\t\t<\/div>\n\t\t\t\t\t<\/div>\n\t\t<\/section>\n\t\t\t\t<\/div>\n\t\t","protected":false},"excerpt":{"rendered":"<p>30-day money-back guarantee I want you to be 100% satisfied with the artwork you purchase from me, therefore I offer a 30 day satisfation guarantee whereby, in the event you are not completely satisfied with your purchase, I will refund the full sales price (not including shipping costs).\u00a0 All you need to do is to [&hellip;]<\/p>\n","protected":false},"author":1,"featured_media":0,"parent":0,"menu_order":0,"comment_status":"closed","ping_status":"closed","template":"","meta":{"footnotes":""},"class_list":["post-2200","page","type-page","status-publish","hentry"],"yoast_head":"<!-- This site is optimized with the Yoast SEO plugin v26.6 - https:\/\/yoast.com\/wordpress\/plugins\/seo\/ -->\n<title>Returns and Refund Policy | Daniel John O&#039;Rourke - Kunst - Bornholm<\/title>\n<meta name=\"description\" content=\"Daniel John O&#039;Rourke - Kunst - Bornholm\" \/>\n<meta name=\"robots\" content=\"index, follow, max-snippet:-1, max-image-preview:large, max-video-preview:-1\" \/>\n<link rel=\"canonical\" href=\"https:\/\/orourke.dk\/da\/returns-and-refund-policy\/\" \/>\n<meta property=\"og:locale\" content=\"da_DK\" \/>\n<meta property=\"og:type\" content=\"article\" \/>\n<meta property=\"og:title\" content=\"Returns and Refund Policy | Daniel John O&#039;Rourke - Kunst - Bornholm\" \/>\n<meta property=\"og:description\" content=\"Daniel John O&#039;Rourke - Kunst - Bornholm\" \/>\n<meta property=\"og:url\" content=\"https:\/\/orourke.dk\/da\/returns-and-refund-policy\/\" \/>\n<meta property=\"og:site_name\" content=\"Daniel John O&#039;Rourke - Kunst - Bornholm\" \/>\n<meta property=\"article:publisher\" content=\"https:\/\/www.facebook.com\/profile.php?id=100088390129611\" \/>\n<meta property=\"article:modified_time\" content=\"2023-08-24T07:39:00+00:00\" \/>\n<meta property=\"og:image\" content=\"https:\/\/orourke.dk\/wp-content\/uploads\/2025\/03\/Daniel-John-ORourke-Logo-square.jpg\" \/>\n\t<meta property=\"og:image:width\" content=\"2000\" \/>\n\t<meta property=\"og:image:height\" content=\"2000\" \/>\n\t<meta property=\"og:image:type\" content=\"image\/jpeg\" \/>\n<meta name=\"twitter:card\" content=\"summary_large_image\" \/>\n<meta name=\"twitter:label1\" content=\"Estimeret l\u00e6setid\" \/>\n\t<meta name=\"twitter:data1\" content=\"1 minut\" \/>\n<script type=\"application\/ld+json\" class=\"yoast-schema-graph\">{\"@context\":\"https:\/\/schema.org\",\"@graph\":[{\"@type\":\"WebPage\",\"@id\":\"https:\/\/orourke.dk\/returns-and-refund-policy\/\",\"url\":\"https:\/\/orourke.dk\/returns-and-refund-policy\/\",\"name\":\"Returns and Refund Policy | Daniel John O'Rourke - Kunst - Bornholm\",\"isPartOf\":{\"@id\":\"https:\/\/orourke.dk\/da\/#website\"},\"datePublished\":\"2023-08-24T07:18:17+00:00\",\"dateModified\":\"2023-08-24T07:39:00+00:00\",\"description\":\"Daniel John O'Rourke - Kunst - Bornholm\",\"breadcrumb\":{\"@id\":\"https:\/\/orourke.dk\/returns-and-refund-policy\/#breadcrumb\"},\"inLanguage\":\"da-DK\",\"potentialAction\":[{\"@type\":\"ReadAction\",\"target\":[\"https:\/\/orourke.dk\/returns-and-refund-policy\/\"]}]},{\"@type\":\"BreadcrumbList\",\"@id\":\"https:\/\/orourke.dk\/returns-and-refund-policy\/#breadcrumb\",\"itemListElement\":[{\"@type\":\"ListItem\",\"position\":1,\"name\":\"Home\",\"item\":\"https:\/\/orourke.dk\/\"},{\"@type\":\"ListItem\",\"position\":2,\"name\":\"Returns and Refund Policy\"}]},{\"@type\":\"WebSite\",\"@id\":\"https:\/\/orourke.dk\/da\/#website\",\"url\":\"https:\/\/orourke.dk\/da\/\",\"name\":\"Daniel John O'Rourke - Kunst - Bornholm\",\"description\":\"Kunst fra Bornholm\",\"publisher\":{\"@id\":\"https:\/\/orourke.dk\/da\/#organization\"},\"alternateName\":\"Daniel O'Rourke\",\"potentialAction\":[{\"@type\":\"SearchAction\",\"target\":{\"@type\":\"EntryPoint\",\"urlTemplate\":\"https:\/\/orourke.dk\/da\/?s={search_term_string}\"},\"query-input\":{\"@type\":\"PropertyValueSpecification\",\"valueRequired\":true,\"valueName\":\"search_term_string\"}}],\"inLanguage\":\"da-DK\"},{\"@type\":\"Organization\",\"@id\":\"https:\/\/orourke.dk\/da\/#organization\",\"name\":\"Daniel John O'Rourke - Fine Art\",\"alternateName\":\"Daniel John O'Rourke\",\"url\":\"https:\/\/orourke.dk\/da\/\",\"logo\":{\"@type\":\"ImageObject\",\"inLanguage\":\"da-DK\",\"@id\":\"https:\/\/orourke.dk\/da\/#\/schema\/logo\/image\/\",\"url\":\"http:\/\/orourke.dk\/wp-content\/uploads\/2025\/03\/Daniel-John-ORourke-Logo-square.jpg\",\"contentUrl\":\"http:\/\/orourke.dk\/wp-content\/uploads\/2025\/03\/Daniel-John-ORourke-Logo-square.jpg\",\"width\":2000,\"height\":2000,\"caption\":\"Daniel John O'Rourke - Fine Art\"},\"image\":{\"@id\":\"https:\/\/orourke.dk\/da\/#\/schema\/logo\/image\/\"},\"sameAs\":[\"https:\/\/www.facebook.com\/profile.php?id=100088390129611\",\"https:\/\/www.instagram.com\/daniel_orourke_artist\/\"]}]}<\/script>\n<!-- \/ Yoast SEO plugin. -->","yoast_head_json":{"title":"Returns and Refund Policy | Daniel John O'Rourke - Kunst - Bornholm","description":"Daniel John O'Rourke - Kunst - Bornholm","robots":{"index":"index","follow":"follow","max-snippet":"max-snippet:-1","max-image-preview":"max-image-preview:large","max-video-preview":"max-video-preview:-1"},"canonical":"https:\/\/orourke.dk\/da\/returns-and-refund-policy\/","og_locale":"da_DK","og_type":"article","og_title":"Returns and Refund Policy | Daniel John O'Rourke - Kunst - Bornholm","og_description":"Daniel John O'Rourke - Kunst - Bornholm","og_url":"https:\/\/orourke.dk\/da\/returns-and-refund-policy\/","og_site_name":"Daniel John O'Rourke - Kunst - Bornholm","article_publisher":"https:\/\/www.facebook.com\/profile.php?id=100088390129611","article_modified_time":"2023-08-24T07:39:00+00:00","og_image":[{"width":2000,"height":2000,"url":"https:\/\/orourke.dk\/wp-content\/uploads\/2025\/03\/Daniel-John-ORourke-Logo-square.jpg","type":"image\/jpeg"}],"twitter_card":"summary_large_image","twitter_misc":{"Estimeret l\u00e6setid":"1 minut"},"schema":{"@context":"https:\/\/schema.org","@graph":[{"@type":"WebPage","@id":"https:\/\/orourke.dk\/returns-and-refund-policy\/","url":"https:\/\/orourke.dk\/returns-and-refund-policy\/","name":"Returns and Refund Policy | Daniel John O'Rourke - Kunst - Bornholm","isPartOf":{"@id":"https:\/\/orourke.dk\/da\/#website"},"datePublished":"2023-08-24T07:18:17+00:00","dateModified":"2023-08-24T07:39:00+00:00","description":"Daniel John O'Rourke - Kunst - Bornholm","breadcrumb":{"@id":"https:\/\/orourke.dk\/returns-and-refund-policy\/#breadcrumb"},"inLanguage":"da-DK","potentialAction":[{"@type":"ReadAction","target":["https:\/\/orourke.dk\/returns-and-refund-policy\/"]}]},{"@type":"BreadcrumbList","@id":"https:\/\/orourke.dk\/returns-and-refund-policy\/#breadcrumb","itemListElement":[{"@type":"ListItem","position":1,"name":"Home","item":"https:\/\/orourke.dk\/"},{"@type":"ListItem","position":2,"name":"Returns and Refund Policy"}]},{"@type":"WebSite","@id":"https:\/\/orourke.dk\/da\/#website","url":"https:\/\/orourke.dk\/da\/","name":"Daniel John O'Rourke - Kunst - Bornholm","description":"Kunst fra Bornholm","publisher":{"@id":"https:\/\/orourke.dk\/da\/#organization"},"alternateName":"Daniel O'Rourke","potentialAction":[{"@type":"SearchAction","target":{"@type":"EntryPoint","urlTemplate":"https:\/\/orourke.dk\/da\/?s={search_term_string}"},"query-input":{"@type":"PropertyValueSpecification","valueRequired":true,"valueName":"search_term_string"}}],"inLanguage":"da-DK"},{"@type":"Organization","@id":"https:\/\/orourke.dk\/da\/#organization","name":"Daniel John O'Rourke - Fine Art","alternateName":"Daniel John O'Rourke","url":"https:\/\/orourke.dk\/da\/","logo":{"@type":"ImageObject","inLanguage":"da-DK","@id":"https:\/\/orourke.dk\/da\/#\/schema\/logo\/image\/","url":"http:\/\/orourke.dk\/wp-content\/uploads\/2025\/03\/Daniel-John-ORourke-Logo-square.jpg","contentUrl":"http:\/\/orourke.dk\/wp-content\/uploads\/2025\/03\/Daniel-John-ORourke-Logo-square.jpg","width":2000,"height":2000,"caption":"Daniel John O'Rourke - Fine Art"},"image":{"@id":"https:\/\/orourke.dk\/da\/#\/schema\/logo\/image\/"},"sameAs":["https:\/\/www.facebook.com\/profile.php?id=100088390129611","https:\/\/www.instagram.com\/daniel_orourke_artist\/"]}]}},"jetpack_sharing_enabled":true,"_links":{"self":[{"href":"https:\/\/orourke.dk\/da\/wp-json\/wp\/v2\/pages\/2200","targetHints":{"allow":["GET"]}}],"collection":[{"href":"https:\/\/orourke.dk\/da\/wp-json\/wp\/v2\/pages"}],"about":[{"href":"https:\/\/orourke.dk\/da\/wp-json\/wp\/v2\/types\/page"}],"author":[{"embeddable":true,"href":"https:\/\/orourke.dk\/da\/wp-json\/wp\/v2\/users\/1"}],"replies":[{"embeddable":true,"href":"https:\/\/orourke.dk\/da\/wp-json\/wp\/v2\/comments?post=2200"}],"version-history":[{"count":0,"href":"https:\/\/orourke.dk\/da\/wp-json\/wp\/v2\/pages\/2200\/revisions"}],"wp:attachment":[{"href":"https:\/\/orourke.dk\/da\/wp-json\/wp\/v2\/media?parent=2200"}],"curies":[{"name":"wp","href":"https:\/\/api.w.org\/{rel}","templated":true}]}}