{"id":983,"date":"2022-11-27T16:36:27","date_gmt":"2022-11-27T15:36:27","guid":{"rendered":"https:\/\/orourke.dk\/?page_id=983"},"modified":"2026-05-10T11:49:20","modified_gmt":"2026-05-10T09:49:20","slug":"kontakt-kunstneren-galleri-gudhjem","status":"publish","type":"page","link":"https:\/\/orourke.dk\/da\/kontakt-kunstneren-galleri-gudhjem\/","title":{"rendered":"Kontakt"},"content":{"rendered":"\t\t<div data-elementor-type=\"wp-page\" data-elementor-id=\"983\" class=\"elementor elementor-983\">\n\t\t\t\t\t\t<section class=\"elementor-section elementor-top-section elementor-element elementor-element-3c31e62 elementor-section-boxed elementor-section-height-default elementor-section-height-default\" data-id=\"3c31e62\" data-element_type=\"section\">\n\t\t\t\t\t\t<div class=\"elementor-container elementor-column-gap-default\">\n\t\t\t\t\t<div class=\"elementor-column elementor-col-50 elementor-top-column elementor-element elementor-element-9eb9a5e\" data-id=\"9eb9a5e\" data-element_type=\"column\">\n\t\t\t<div class=\"elementor-widget-wrap elementor-element-populated\">\n\t\t\t\t\t\t<div class=\"elementor-element elementor-element-825ec51 elementor-widget elementor-widget-image\" data-id=\"825ec51\" data-element_type=\"widget\" data-widget_type=\"image.default\">\n\t\t\t\t<div class=\"elementor-widget-container\">\n\t\t\t\t\t\t\t\t\t\t\t\t\t\t\t<img decoding=\"async\" width=\"150\" height=\"150\" src=\"https:\/\/orourke.dk\/wp-content\/uploads\/2025\/09\/Daniel-ORourke-kunstner-artist-portrait-bw-150x150.jpg\" class=\"attachment-thumbnail size-thumbnail wp-image-3549\" alt=\"Billede af Daniel O&#039;Rourke - kunstner\" srcset=\"https:\/\/orourke.dk\/wp-content\/uploads\/2025\/09\/Daniel-ORourke-kunstner-artist-portrait-bw-150x150.jpg 150w, https:\/\/orourke.dk\/wp-content\/uploads\/2025\/09\/Daniel-ORourke-kunstner-artist-portrait-bw-100x100.jpg 100w\" sizes=\"(max-width: 150px) 100vw, 150px\" \/>\t\t\t\t\t\t\t\t\t\t\t\t\t\t\t<\/div>\n\t\t\t\t<\/div>\n\t\t\t\t<div class=\"elementor-element elementor-element-74a3dfa elementor-widget elementor-widget-text-editor\" data-id=\"74a3dfa\" data-element_type=\"widget\" data-widget_type=\"text-editor.default\">\n\t\t\t\t<div class=\"elementor-widget-container\">\n\t\t\t\t\t\t\t\t\t<p><strong>GALLERI O&#8217;ROURKE<br \/>\u00c5bningstider \/ Opening hours \/\u00a0\u00d6ffnungszeiten<\/strong>\u00a0<\/p><p>Kristihimmelfartsferie: \u00c5bent<\/p><p><p class=\"opening-hours\">\r\n\t<span class=\"day-name\">Mandag:<\/span> <span class=\"hours\">Closed<\/span><br>\n\t<span class=\"day-name\">Tirsdag:<\/span> <span class=\"hours\">Closed<\/span><br>\n\t<span class=\"day-name\">Onsdag:<\/span> <span class=\"hours\">Closed<\/span><br>\n\t<span class=\"day-name\">Torsdag:<\/span> <span class=\"hours\">11:00 \u2013 14:00<\/span><br>\n\t<span class=\"day-name\">Fredag:<\/span> <span class=\"hours\">11:00 \u2013 14:00<\/span><br>\n\t<span class=\"day-name\">L\u00f8rdag:<\/span> <span class=\"hours\">11:00 \u2013 14:00<\/span><br>\n\t<span class=\"day-name\">S\u00f8ndag:<\/span> <span class=\"hours\">11:00 \u2013 14:00<\/span>\n<\/p>\r\n<\/p>\t\t\t\t\t\t\t\t<\/div>\n\t\t\t\t<\/div>\n\t\t\t\t<div class=\"elementor-element elementor-element-e142cb8 elementor-widget elementor-widget-text-editor\" data-id=\"e142cb8\" data-element_type=\"widget\" data-widget_type=\"text-editor.default\">\n\t\t\t\t<div class=\"elementor-widget-container\">\n\t\t\t\t\t\t\t\t\t<p><a href=\"mailto:daniel@orourke.dk\">daniel@orourke.dk<\/a><\/p><p>Tlf. +45 30 72 06 89\u00a0<\/p>\t\t\t\t\t\t\t\t<\/div>\n\t\t\t\t<\/div>\n\t\t\t\t\t<\/div>\n\t\t<\/div>\n\t\t\t\t<div class=\"elementor-column elementor-col-50 elementor-top-column elementor-element elementor-element-525646d\" data-id=\"525646d\" data-element_type=\"column\">\n\t\t\t<div class=\"elementor-widget-wrap elementor-element-populated\">\n\t\t\t\t\t\t<div class=\"elementor-element elementor-element-3fa1a2f elementor-widget elementor-widget-text-editor\" data-id=\"3fa1a2f\" data-element_type=\"widget\" data-widget_type=\"text-editor.default\">\n\t\t\t\t<div class=\"elementor-widget-container\">\n\t\t\t\t\t\t\t\t\t<p><strong>Address:<\/strong><br \/>Galleri O&#8217;Rourke<br \/>\u00c5bogade 9<br \/>3760 Gudhjem<br \/>Denmark<\/p>\t\t\t\t\t\t\t\t<\/div>\n\t\t\t\t<\/div>\n\t\t\t\t\t<\/div>\n\t\t<\/div>\n\t\t\t\t\t<\/div>\n\t\t<\/section>\n\t\t\t\t<section class=\"elementor-section elementor-top-section elementor-element elementor-element-8870653 elementor-section-boxed elementor-section-height-default elementor-section-height-default\" data-id=\"8870653\" data-element_type=\"section\">\n\t\t\t\t\t\t<div class=\"elementor-container elementor-column-gap-default\">\n\t\t\t\t\t<div class=\"elementor-column elementor-col-100 elementor-top-column elementor-element elementor-element-5a7d0b8\" data-id=\"5a7d0b8\" data-element_type=\"column\">\n\t\t\t<div class=\"elementor-widget-wrap elementor-element-populated\">\n\t\t\t\t\t\t<div class=\"elementor-element elementor-element-ed91203 elementor-widget elementor-widget-google_maps\" data-id=\"ed91203\" data-element_type=\"widget\" data-widget_type=\"google_maps.default\">\n\t\t\t\t<div class=\"elementor-widget-container\">\n\t\t\t\t\t\t\t<div class=\"elementor-custom-embed\">\n\t\t\t<iframe loading=\"lazy\"\n\t\t\t\t\tsrc=\"https:\/\/maps.google.com\/maps?q=%C3%85bogade%209%203760%20Gudhjem%20&#038;t=m&#038;z=10&#038;output=embed&#038;iwloc=near\"\n\t\t\t\t\ttitle=\"\u00c5bogade 9 3760 Gudhjem \"\n\t\t\t\t\taria-label=\"\u00c5bogade 9 3760 Gudhjem \"\n\t\t\t><\/iframe>\n\t\t<\/div>\n\t\t\t\t\t\t<\/div>\n\t\t\t\t<\/div>\n\t\t\t\t<section class=\"elementor-section elementor-inner-section elementor-element elementor-element-5626f10 elementor-section-boxed elementor-section-height-default elementor-section-height-default\" data-id=\"5626f10\" data-element_type=\"section\">\n\t\t\t\t\t\t<div class=\"elementor-container elementor-column-gap-default\">\n\t\t\t\t\t<div class=\"elementor-column elementor-col-50 elementor-inner-column elementor-element elementor-element-db9c1cb\" data-id=\"db9c1cb\" data-element_type=\"column\">\n\t\t\t<div class=\"elementor-widget-wrap\">\n\t\t\t\t\t\t\t<\/div>\n\t\t<\/div>\n\t\t\t\t<div class=\"elementor-column elementor-col-50 elementor-inner-column elementor-element elementor-element-2a88fa4\" data-id=\"2a88fa4\" data-element_type=\"column\">\n\t\t\t<div class=\"elementor-widget-wrap\">\n\t\t\t\t\t\t\t<\/div>\n\t\t<\/div>\n\t\t\t\t\t<\/div>\n\t\t<\/section>\n\t\t\t\t<div class=\"elementor-element elementor-element-94d3539 elementor-widget elementor-widget-text-editor\" data-id=\"94d3539\" data-element_type=\"widget\" data-widget_type=\"text-editor.default\">\n\t\t\t\t<div class=\"elementor-widget-container\">\n\t\t\t\t\t\t\t\t\t<p><em>(*\u00c5bningstider kan \u00e6ndre sig med kort varsel)<\/em><\/p><p style=\"text-align: center;\">Kom forbi mit galleri i hjertet af Gudhjem og oplev malerier af det unikke landskab, som Bornholm har at byde p\u00e5, og m\u00e5ske finder du mig i f\u00e6rd med at skabe kunst &#8216;live&#8217; ved staffeliet.<\/p><p style=\"text-align: center;\"><strong>Vi ses!<\/strong><\/p>\t\t\t\t\t\t\t\t<\/div>\n\t\t\t\t<\/div>\n\t\t\t\t<div class=\"elementor-element elementor-element-2ed675c elementor-widget__width-initial elementor-widget elementor-widget-image\" data-id=\"2ed675c\" data-element_type=\"widget\" data-widget_type=\"image.default\">\n\t\t\t\t<div class=\"elementor-widget-container\">\n\t\t\t\t\t\t\t\t\t\t\t\t\t\t\t<img decoding=\"async\" width=\"300\" height=\"135\" src=\"https:\/\/orourke.dk\/wp-content\/uploads\/2025\/02\/daniel-orourke-300x135.jpg\" class=\"attachment-medium size-medium wp-image-2926\" alt=\"Logo of Daniel John O&#039;Rourke\" srcset=\"https:\/\/orourke.dk\/wp-content\/uploads\/2025\/02\/daniel-orourke-300x135.jpg 300w, https:\/\/orourke.dk\/wp-content\/uploads\/2025\/02\/daniel-orourke-768x346.jpg 768w, https:\/\/orourke.dk\/wp-content\/uploads\/2025\/02\/daniel-orourke-18x8.jpg 18w, https:\/\/orourke.dk\/wp-content\/uploads\/2025\/02\/daniel-orourke-324x146.jpg 324w, https:\/\/orourke.dk\/wp-content\/uploads\/2025\/02\/daniel-orourke-416x187.jpg 416w, https:\/\/orourke.dk\/wp-content\/uploads\/2025\/02\/daniel-orourke.jpg 972w\" sizes=\"(max-width: 300px) 100vw, 300px\" \/>\t\t\t\t\t\t\t\t\t\t\t\t\t\t\t<\/div>\n\t\t\t\t<\/div>\n\t\t\t\t<div class=\"elementor-element elementor-element-4006c58 elementor-widget-divider--view-line elementor-widget elementor-widget-divider\" data-id=\"4006c58\" data-element_type=\"widget\" data-widget_type=\"divider.default\">\n\t\t\t\t<div class=\"elementor-widget-container\">\n\t\t\t\t\t\t\t<div class=\"elementor-divider\">\n\t\t\t<span class=\"elementor-divider-separator\">\n\t\t\t\t\t\t<\/span>\n\t\t<\/div>\n\t\t\t\t\t\t<\/div>\n\t\t\t\t<\/div>\n\t\t\t\t<section class=\"elementor-section elementor-inner-section elementor-element elementor-element-d2c2f93 elementor-section-boxed elementor-section-height-default elementor-section-height-default\" data-id=\"d2c2f93\" data-element_type=\"section\">\n\t\t\t\t\t\t<div class=\"elementor-container elementor-column-gap-default\">\n\t\t\t\t\t<div class=\"elementor-column elementor-col-100 elementor-inner-column elementor-element elementor-element-010c1ed\" data-id=\"010c1ed\" data-element_type=\"column\">\n\t\t\t<div class=\"elementor-widget-wrap elementor-element-populated\">\n\t\t\t\t\t\t<div class=\"elementor-element elementor-element-4d71cd7 elementor-widget__width-initial elementor-widget elementor-widget-image\" data-id=\"4d71cd7\" data-element_type=\"widget\" data-widget_type=\"image.default\">\n\t\t\t\t<div class=\"elementor-widget-container\">\n\t\t\t\t\t\t\t\t\t\t\t\t\t\t\t<img decoding=\"async\" width=\"300\" height=\"131\" src=\"https:\/\/orourke.dk\/wp-content\/uploads\/2025\/03\/DB-DestinationBornholm-logo-300x131.png\" class=\"attachment-medium size-medium wp-image-3211\" alt=\"Destination Bornholm logo\" srcset=\"https:\/\/orourke.dk\/wp-content\/uploads\/2025\/03\/DB-DestinationBornholm-logo-300x131.png 300w, https:\/\/orourke.dk\/wp-content\/uploads\/2025\/03\/DB-DestinationBornholm-logo-768x336.png 768w, https:\/\/orourke.dk\/wp-content\/uploads\/2025\/03\/DB-DestinationBornholm-logo-18x8.png 18w, https:\/\/orourke.dk\/wp-content\/uploads\/2025\/03\/DB-DestinationBornholm-logo-324x142.png 324w, https:\/\/orourke.dk\/wp-content\/uploads\/2025\/03\/DB-DestinationBornholm-logo-416x182.png 416w, https:\/\/orourke.dk\/wp-content\/uploads\/2025\/03\/DB-DestinationBornholm-logo.png 1000w\" sizes=\"(max-width: 300px) 100vw, 300px\" \/>\t\t\t\t\t\t\t\t\t\t\t\t\t\t\t<\/div>\n\t\t\t\t<\/div>\n\t\t\t\t\t<\/div>\n\t\t<\/div>\n\t\t\t\t\t<\/div>\n\t\t<\/section>\n\t\t\t\t<section class=\"elementor-section elementor-inner-section elementor-element elementor-element-81120c0 elementor-section-boxed elementor-section-height-default elementor-section-height-default\" data-id=\"81120c0\" data-element_type=\"section\">\n\t\t\t\t\t\t<div class=\"elementor-container elementor-column-gap-default\">\n\t\t\t\t\t<div class=\"elementor-column elementor-col-100 elementor-inner-column elementor-element elementor-element-f89479d\" data-id=\"f89479d\" data-element_type=\"column\">\n\t\t\t<div class=\"elementor-widget-wrap elementor-element-populated\">\n\t\t\t\t\t\t<div class=\"elementor-element elementor-element-7353396 elementor-widget elementor-widget-text-editor\" data-id=\"7353396\" data-element_type=\"widget\" data-widget_type=\"text-editor.default\">\n\t\t\t\t<div class=\"elementor-widget-container\">\n\t\t\t\t\t\t\t\t\t<p style=\"text-align: center;\">Medlem af Destination Bornholm.<\/p>\t\t\t\t\t\t\t\t<\/div>\n\t\t\t\t<\/div>\n\t\t\t\t<div class=\"elementor-element elementor-element-3fdc731 elementor-align-center elementor-widget elementor-widget-button\" data-id=\"3fdc731\" data-element_type=\"widget\" data-widget_type=\"button.default\">\n\t\t\t\t<div class=\"elementor-widget-container\">\n\t\t\t\t\t\t\t\t\t<div class=\"elementor-button-wrapper\">\n\t\t\t\t\t<a class=\"elementor-button elementor-button-link elementor-size-sm\" href=\"https:\/\/bornholm.info\/daniel-john-orourke-fine-art\/\" target=\"_blank\">\n\t\t\t\t\t\t<span class=\"elementor-button-content-wrapper\">\n\t\t\t\t\t\t\t\t\t<span class=\"elementor-button-text\">Destination Bornholm<\/span>\n\t\t\t\t\t<\/span>\n\t\t\t\t\t<\/a>\n\t\t\t\t<\/div>\n\t\t\t\t\t\t\t\t<\/div>\n\t\t\t\t<\/div>\n\t\t\t\t\t<\/div>\n\t\t<\/div>\n\t\t\t\t\t<\/div>\n\t\t<\/section>\n\t\t\t\t\t<\/div>\n\t\t<\/div>\n\t\t\t\t\t<\/div>\n\t\t<\/section>\n\t\t\t\t<\/div>\n\t\t","protected":false},"excerpt":{"rendered":"<p>GALLERI O&#8217;ROURKE\u00c5bningstider \/ Opening hours \/\u00a0\u00d6ffnungszeiten\u00a0 Kristihimmelfartsferie: \u00c5bent daniel@orourke.dk Tlf. +45 30 72 06 89\u00a0 Address:Galleri O&#8217;Rourke\u00c5bogade 93760 GudhjemDenmark (*\u00c5bningstider kan \u00e6ndre sig med kort varsel) Kom forbi mit galleri i hjertet af Gudhjem og oplev malerier af det unikke landskab, som Bornholm har at byde p\u00e5, og m\u00e5ske finder du mig i f\u00e6rd med [&hellip;]<\/p>\n","protected":false},"author":1,"featured_media":0,"parent":0,"menu_order":0,"comment_status":"closed","ping_status":"closed","template":"","meta":{"footnotes":""},"class_list":["post-983","page","type-page","status-publish","hentry"],"jetpack_sharing_enabled":true,"_links":{"self":[{"href":"https:\/\/orourke.dk\/da\/wp-json\/wp\/v2\/pages\/983","targetHints":{"allow":["GET"]}}],"collection":[{"href":"https:\/\/orourke.dk\/da\/wp-json\/wp\/v2\/pages"}],"about":[{"href":"https:\/\/orourke.dk\/da\/wp-json\/wp\/v2\/types\/page"}],"author":[{"embeddable":true,"href":"https:\/\/orourke.dk\/da\/wp-json\/wp\/v2\/users\/1"}],"replies":[{"embeddable":true,"href":"https:\/\/orourke.dk\/da\/wp-json\/wp\/v2\/comments?post=983"}],"version-history":[{"count":16,"href":"https:\/\/orourke.dk\/da\/wp-json\/wp\/v2\/pages\/983\/revisions"}],"predecessor-version":[{"id":3635,"href":"https:\/\/orourke.dk\/da\/wp-json\/wp\/v2\/pages\/983\/revisions\/3635"}],"wp:attachment":[{"href":"https:\/\/orourke.dk\/da\/wp-json\/wp\/v2\/media?parent=983"}],"curies":[{"name":"wp","href":"https:\/\/api.w.org\/{rel}","templated":true}]}}