{"id":2012,"date":"2023-06-22T16:13:45","date_gmt":"2023-06-22T14:13:45","guid":{"rendered":"https:\/\/orourke.dk\/?post_type=product&#038;p=2012"},"modified":"2024-03-27T08:17:56","modified_gmt":"2024-03-27T07:17:56","slug":"clouds-over-the-baltic","status":"publish","type":"product","link":"https:\/\/orourke.dk\/da\/product\/clouds-over-the-baltic\/","title":{"rendered":"Clouds over the Baltic"},"content":{"rendered":"<ul>\n<li>M\u00e5ler: 40cm x 60cm x 2cm<\/li>\n<li>Medium: Oliemaling af professionel kvalitet<\/li>\n<li>Malebund: Malet p\u00e5 en tr\u00e6fiberplade, beskyttet med en gange primer og fire lag gesso<\/li>\n<li>Pladen er monteret p\u00e5 en st\u00f8tteramme s\u00e5 kan h\u00e6nges op p\u00e5 v\u00e6ggen som den er eller indrammes<\/li>\n<\/ul>\n","protected":false},"excerpt":{"rendered":"<p>60 x 40 cm<\/p>\n<p>Aftenlyset gl\u00f8der i skyerne over \u00d8sters\u00f8en n\u00e6r Bornholm, Danmark.<\/p>\n","protected":false},"featured_media":2009,"template":"","meta":[],"product_brand":[],"product_cat":[20,17],"product_tag":[],"class_list":{"0":"post-2012","1":"product","2":"type-product","3":"status-publish","4":"has-post-thumbnail","6":"product_cat-sold","7":"product_cat-all","8":"product_shipping_class-medium-paintings","10":"first","11":"outofstock","12":"sold-individually","13":"product-type-simple"},"yoast_head":"<!-- This site is optimized with the Yoast SEO plugin v26.6 - https:\/\/yoast.com\/wordpress\/plugins\/seo\/ -->\n<title>Clouds over the Baltic | Daniel John O&#039;Rourke - Kunst - Bornholm<\/title>\n<meta name=\"robots\" content=\"index, follow, max-snippet:-1, max-image-preview:large, max-video-preview:-1\" \/>\n<link rel=\"canonical\" href=\"https:\/\/orourke.dk\/da\/product\/clouds-over-the-baltic\/\" \/>\n<meta property=\"og:locale\" content=\"da_DK\" \/>\n<meta property=\"og:type\" content=\"article\" \/>\n<meta property=\"og:title\" content=\"Clouds over the Baltic | Daniel John O&#039;Rourke - Kunst - Bornholm\" \/>\n<meta property=\"og:description\" content=\"60 x 40 cm  Aftenlyset gl\u00f8der i skyerne over \u00d8sters\u00f8en n\u00e6r Bornholm, Danmark.\" \/>\n<meta property=\"og:url\" content=\"https:\/\/orourke.dk\/da\/product\/clouds-over-the-baltic\/\" \/>\n<meta property=\"og:site_name\" content=\"Daniel John O&#039;Rourke - Kunst - Bornholm\" \/>\n<meta property=\"article:publisher\" content=\"https:\/\/www.facebook.com\/profile.php?id=100088390129611\" \/>\n<meta property=\"article:modified_time\" content=\"2024-03-27T07:17:56+00:00\" \/>\n<meta property=\"og:image\" content=\"https:\/\/orourke.dk\/wp-content\/uploads\/2023\/06\/Clouds-over-the-Baltic-scaled.jpg\" \/>\n\t<meta property=\"og:image:width\" content=\"1668\" \/>\n\t<meta property=\"og:image:height\" content=\"2560\" \/>\n\t<meta property=\"og:image:type\" content=\"image\/jpeg\" \/>\n<meta name=\"twitter:card\" content=\"summary_large_image\" \/>\n<script type=\"application\/ld+json\" class=\"yoast-schema-graph\">{\"@context\":\"https:\/\/schema.org\",\"@graph\":[{\"@type\":\"WebPage\",\"@id\":\"https:\/\/orourke.dk\/product\/clouds-over-the-baltic\/\",\"url\":\"https:\/\/orourke.dk\/product\/clouds-over-the-baltic\/\",\"name\":\"Clouds over the Baltic | Daniel John O'Rourke - Kunst - Bornholm\",\"isPartOf\":{\"@id\":\"https:\/\/orourke.dk\/da\/#website\"},\"primaryImageOfPage\":{\"@id\":\"https:\/\/orourke.dk\/product\/clouds-over-the-baltic\/#primaryimage\"},\"image\":{\"@id\":\"https:\/\/orourke.dk\/product\/clouds-over-the-baltic\/#primaryimage\"},\"thumbnailUrl\":\"https:\/\/orourke.dk\/wp-content\/uploads\/2023\/06\/Clouds-over-the-Baltic-scaled.jpg\",\"datePublished\":\"2023-06-22T14:13:45+00:00\",\"dateModified\":\"2024-03-27T07:17:56+00:00\",\"breadcrumb\":{\"@id\":\"https:\/\/orourke.dk\/product\/clouds-over-the-baltic\/#breadcrumb\"},\"inLanguage\":\"da-DK\",\"potentialAction\":[{\"@type\":\"ReadAction\",\"target\":[\"https:\/\/orourke.dk\/product\/clouds-over-the-baltic\/\"]}]},{\"@type\":\"ImageObject\",\"inLanguage\":\"da-DK\",\"@id\":\"https:\/\/orourke.dk\/product\/clouds-over-the-baltic\/#primaryimage\",\"url\":\"https:\/\/orourke.dk\/wp-content\/uploads\/2023\/06\/Clouds-over-the-Baltic-scaled.jpg\",\"contentUrl\":\"https:\/\/orourke.dk\/wp-content\/uploads\/2023\/06\/Clouds-over-the-Baltic-scaled.jpg\",\"width\":1668,\"height\":2560,\"caption\":\"\u00a9orourke.dk\"},{\"@type\":\"BreadcrumbList\",\"@id\":\"https:\/\/orourke.dk\/product\/clouds-over-the-baltic\/#breadcrumb\",\"itemListElement\":[{\"@type\":\"ListItem\",\"position\":1,\"name\":\"Home\",\"item\":\"https:\/\/orourke.dk\/\"},{\"@type\":\"ListItem\",\"position\":2,\"name\":\"Products\",\"item\":\"https:\/\/orourke.dk\/en\/shop\/\"},{\"@type\":\"ListItem\",\"position\":3,\"name\":\"Clouds over the Baltic\"}]},{\"@type\":\"WebSite\",\"@id\":\"https:\/\/orourke.dk\/da\/#website\",\"url\":\"https:\/\/orourke.dk\/da\/\",\"name\":\"Daniel John O'Rourke - Kunst - Bornholm\",\"description\":\"Kunst fra Bornholm\",\"publisher\":{\"@id\":\"https:\/\/orourke.dk\/da\/#organization\"},\"alternateName\":\"Daniel O'Rourke\",\"potentialAction\":[{\"@type\":\"SearchAction\",\"target\":{\"@type\":\"EntryPoint\",\"urlTemplate\":\"https:\/\/orourke.dk\/da\/?s={search_term_string}\"},\"query-input\":{\"@type\":\"PropertyValueSpecification\",\"valueRequired\":true,\"valueName\":\"search_term_string\"}}],\"inLanguage\":\"da-DK\"},{\"@type\":\"Organization\",\"@id\":\"https:\/\/orourke.dk\/da\/#organization\",\"name\":\"Daniel John O'Rourke - Fine Art\",\"alternateName\":\"Daniel John O'Rourke\",\"url\":\"https:\/\/orourke.dk\/da\/\",\"logo\":{\"@type\":\"ImageObject\",\"inLanguage\":\"da-DK\",\"@id\":\"https:\/\/orourke.dk\/da\/#\/schema\/logo\/image\/\",\"url\":\"http:\/\/orourke.dk\/wp-content\/uploads\/2025\/03\/Daniel-John-ORourke-Logo-square.jpg\",\"contentUrl\":\"http:\/\/orourke.dk\/wp-content\/uploads\/2025\/03\/Daniel-John-ORourke-Logo-square.jpg\",\"width\":2000,\"height\":2000,\"caption\":\"Daniel John O'Rourke - Fine Art\"},\"image\":{\"@id\":\"https:\/\/orourke.dk\/da\/#\/schema\/logo\/image\/\"},\"sameAs\":[\"https:\/\/www.facebook.com\/profile.php?id=100088390129611\",\"https:\/\/www.instagram.com\/daniel_orourke_artist\/\"]}]}<\/script>\n<!-- \/ Yoast SEO plugin. -->","yoast_head_json":{"title":"Clouds over the Baltic | Daniel John O'Rourke - Kunst - Bornholm","robots":{"index":"index","follow":"follow","max-snippet":"max-snippet:-1","max-image-preview":"max-image-preview:large","max-video-preview":"max-video-preview:-1"},"canonical":"https:\/\/orourke.dk\/da\/product\/clouds-over-the-baltic\/","og_locale":"da_DK","og_type":"article","og_title":"Clouds over the Baltic | Daniel John O'Rourke - Kunst - Bornholm","og_description":"60 x 40 cm  Aftenlyset gl\u00f8der i skyerne over \u00d8sters\u00f8en n\u00e6r Bornholm, Danmark.","og_url":"https:\/\/orourke.dk\/da\/product\/clouds-over-the-baltic\/","og_site_name":"Daniel John O'Rourke - Kunst - Bornholm","article_publisher":"https:\/\/www.facebook.com\/profile.php?id=100088390129611","article_modified_time":"2024-03-27T07:17:56+00:00","og_image":[{"width":1668,"height":2560,"url":"https:\/\/orourke.dk\/wp-content\/uploads\/2023\/06\/Clouds-over-the-Baltic-scaled.jpg","type":"image\/jpeg"}],"twitter_card":"summary_large_image","schema":{"@context":"https:\/\/schema.org","@graph":[{"@type":"WebPage","@id":"https:\/\/orourke.dk\/product\/clouds-over-the-baltic\/","url":"https:\/\/orourke.dk\/product\/clouds-over-the-baltic\/","name":"Clouds over the Baltic | Daniel John O'Rourke - Kunst - Bornholm","isPartOf":{"@id":"https:\/\/orourke.dk\/da\/#website"},"primaryImageOfPage":{"@id":"https:\/\/orourke.dk\/product\/clouds-over-the-baltic\/#primaryimage"},"image":{"@id":"https:\/\/orourke.dk\/product\/clouds-over-the-baltic\/#primaryimage"},"thumbnailUrl":"https:\/\/orourke.dk\/wp-content\/uploads\/2023\/06\/Clouds-over-the-Baltic-scaled.jpg","datePublished":"2023-06-22T14:13:45+00:00","dateModified":"2024-03-27T07:17:56+00:00","breadcrumb":{"@id":"https:\/\/orourke.dk\/product\/clouds-over-the-baltic\/#breadcrumb"},"inLanguage":"da-DK","potentialAction":[{"@type":"ReadAction","target":["https:\/\/orourke.dk\/product\/clouds-over-the-baltic\/"]}]},{"@type":"ImageObject","inLanguage":"da-DK","@id":"https:\/\/orourke.dk\/product\/clouds-over-the-baltic\/#primaryimage","url":"https:\/\/orourke.dk\/wp-content\/uploads\/2023\/06\/Clouds-over-the-Baltic-scaled.jpg","contentUrl":"https:\/\/orourke.dk\/wp-content\/uploads\/2023\/06\/Clouds-over-the-Baltic-scaled.jpg","width":1668,"height":2560,"caption":"\u00a9orourke.dk"},{"@type":"BreadcrumbList","@id":"https:\/\/orourke.dk\/product\/clouds-over-the-baltic\/#breadcrumb","itemListElement":[{"@type":"ListItem","position":1,"name":"Home","item":"https:\/\/orourke.dk\/"},{"@type":"ListItem","position":2,"name":"Products","item":"https:\/\/orourke.dk\/en\/shop\/"},{"@type":"ListItem","position":3,"name":"Clouds over the Baltic"}]},{"@type":"WebSite","@id":"https:\/\/orourke.dk\/da\/#website","url":"https:\/\/orourke.dk\/da\/","name":"Daniel John O'Rourke - Kunst - Bornholm","description":"Kunst fra Bornholm","publisher":{"@id":"https:\/\/orourke.dk\/da\/#organization"},"alternateName":"Daniel O'Rourke","potentialAction":[{"@type":"SearchAction","target":{"@type":"EntryPoint","urlTemplate":"https:\/\/orourke.dk\/da\/?s={search_term_string}"},"query-input":{"@type":"PropertyValueSpecification","valueRequired":true,"valueName":"search_term_string"}}],"inLanguage":"da-DK"},{"@type":"Organization","@id":"https:\/\/orourke.dk\/da\/#organization","name":"Daniel John O'Rourke - Fine Art","alternateName":"Daniel John O'Rourke","url":"https:\/\/orourke.dk\/da\/","logo":{"@type":"ImageObject","inLanguage":"da-DK","@id":"https:\/\/orourke.dk\/da\/#\/schema\/logo\/image\/","url":"http:\/\/orourke.dk\/wp-content\/uploads\/2025\/03\/Daniel-John-ORourke-Logo-square.jpg","contentUrl":"http:\/\/orourke.dk\/wp-content\/uploads\/2025\/03\/Daniel-John-ORourke-Logo-square.jpg","width":2000,"height":2000,"caption":"Daniel John O'Rourke - Fine Art"},"image":{"@id":"https:\/\/orourke.dk\/da\/#\/schema\/logo\/image\/"},"sameAs":["https:\/\/www.facebook.com\/profile.php?id=100088390129611","https:\/\/www.instagram.com\/daniel_orourke_artist\/"]}]}},"jetpack_sharing_enabled":true,"_links":{"self":[{"href":"https:\/\/orourke.dk\/da\/wp-json\/wp\/v2\/product\/2012","targetHints":{"allow":["GET"]}}],"collection":[{"href":"https:\/\/orourke.dk\/da\/wp-json\/wp\/v2\/product"}],"about":[{"href":"https:\/\/orourke.dk\/da\/wp-json\/wp\/v2\/types\/product"}],"version-history":[{"count":0,"href":"https:\/\/orourke.dk\/da\/wp-json\/wp\/v2\/product\/2012\/revisions"}],"wp:featuredmedia":[{"embeddable":true,"href":"https:\/\/orourke.dk\/da\/wp-json\/wp\/v2\/media\/2009"}],"wp:attachment":[{"href":"https:\/\/orourke.dk\/da\/wp-json\/wp\/v2\/media?parent=2012"}],"wp:term":[{"taxonomy":"product_brand","embeddable":true,"href":"https:\/\/orourke.dk\/da\/wp-json\/wp\/v2\/product_brand?post=2012"},{"taxonomy":"product_cat","embeddable":true,"href":"https:\/\/orourke.dk\/da\/wp-json\/wp\/v2\/product_cat?post=2012"},{"taxonomy":"product_tag","embeddable":true,"href":"https:\/\/orourke.dk\/da\/wp-json\/wp\/v2\/product_tag?post=2012"}],"curies":[{"name":"wp","href":"https:\/\/api.w.org\/{rel}","templated":true}]}}