{"id":2230,"date":"2023-09-03T14:36:03","date_gmt":"2023-09-03T12:36:03","guid":{"rendered":"https:\/\/orourke.dk\/?post_type=product&#038;p=2230"},"modified":"2024-03-27T08:12:08","modified_gmt":"2024-03-27T07:12:08","slug":"waves-in-fog-at-onsbaek","status":"publish","type":"product","link":"https:\/\/orourke.dk\/da\/product\/waves-in-fog-at-onsbaek\/","title":{"rendered":"Waves in fog at Onsb\u00e6k"},"content":{"rendered":"<p>\u2022 M\u00e5ler: 30.5cm x 18cm x 2cm<br \/>\n\u2022 Malingstype: Oliemaling af professionel kvalitet<br \/>\n\u2022 Malebund: Malet p\u00e5 en tr\u00e6fiberplade, beskyttet med en gange primer og fire lag gesso<br \/>\n\u2022 Pladen er monteret p\u00e5 en st\u00f8tteramme s\u00e5 kan h\u00e6nges op p\u00e5 v\u00e6ggen som den er eller indrammes<\/p>\n","protected":false},"excerpt":{"rendered":"<p><span style=\"color: #008000;\">FOR SALE at Galleri Rasch, Bornholm from 14\/10\/2023 &#8211; Please contact me if you are interested in purchasing this piece.<br \/>\n<\/span><span style=\"color: #008000;\">(TIL SALG ved min kommende udstilling i Galleri Rasch, Bornholm fra 14\/10\/2023 &#8211; Venligst giv mig besked hvis v\u00e6rket har interesse.)<\/span><\/p>\n<p>30.5 x 18 cm<\/p>\n<p>B\u00f8lger bryder frem i t\u00e6tte t\u00e5ge p\u00e5 stranden ved Onsb\u00e6k, Bornholm.<\/p>\n<p>Oliemaleri af Daniel John O&#8217;Rourke.<\/p>\n","protected":false},"featured_media":2231,"template":"","meta":[],"product_brand":[],"product_cat":[20,17],"product_tag":[],"class_list":{"0":"post-2230","1":"product","2":"type-product","3":"status-publish","4":"has-post-thumbnail","6":"product_cat-sold","7":"product_cat-all","8":"product_shipping_class-small-paintings","10":"first","11":"outofstock","12":"sold-individually","13":"product-type-simple"},"yoast_head":"<!-- This site is optimized with the Yoast SEO plugin v26.6 - https:\/\/yoast.com\/wordpress\/plugins\/seo\/ -->\n<title>Waves in fog at Onsb\u00e6k | Daniel John O&#039;Rourke - Kunst - Bornholm<\/title>\n<meta name=\"robots\" content=\"index, follow, max-snippet:-1, max-image-preview:large, max-video-preview:-1\" \/>\n<link rel=\"canonical\" href=\"https:\/\/orourke.dk\/da\/product\/waves-in-fog-at-onsbaek\/\" \/>\n<meta property=\"og:locale\" content=\"da_DK\" \/>\n<meta property=\"og:type\" content=\"article\" \/>\n<meta property=\"og:title\" content=\"Waves in fog at Onsb\u00e6k | Daniel John O&#039;Rourke - Kunst - Bornholm\" \/>\n<meta property=\"og:description\" content=\"FOR SALE at Galleri Rasch, Bornholm from 14\/10\/2023 - Please contact me if you are interested in purchasing this piece. (TIL SALG ved min kommende udstilling i Galleri Rasch, Bornholm fra 14\/10\/2023 - Venligst giv mig besked hvis v\u00e6rket har interesse.)  30.5 x 18 cm  B\u00f8lger bryder frem i t\u00e6tte t\u00e5ge p\u00e5 stranden ved Onsb\u00e6k, Bornholm.  Oliemaleri af Daniel John O&#039;Rourke.\" \/>\n<meta property=\"og:url\" content=\"https:\/\/orourke.dk\/da\/product\/waves-in-fog-at-onsbaek\/\" \/>\n<meta property=\"og:site_name\" content=\"Daniel John O&#039;Rourke - Kunst - Bornholm\" \/>\n<meta property=\"article:publisher\" content=\"https:\/\/www.facebook.com\/profile.php?id=100088390129611\" \/>\n<meta property=\"article:modified_time\" content=\"2024-03-27T07:12:08+00:00\" \/>\n<meta property=\"og:image\" content=\"https:\/\/orourke.dk\/wp-content\/uploads\/2023\/09\/Waves-in-fog-at-Onsbaek-scaled.jpg\" \/>\n\t<meta property=\"og:image:width\" content=\"2560\" \/>\n\t<meta property=\"og:image:height\" content=\"1456\" \/>\n\t<meta property=\"og:image:type\" content=\"image\/jpeg\" \/>\n<meta name=\"twitter:card\" content=\"summary_large_image\" \/>\n<script type=\"application\/ld+json\" class=\"yoast-schema-graph\">{\"@context\":\"https:\/\/schema.org\",\"@graph\":[{\"@type\":\"WebPage\",\"@id\":\"https:\/\/orourke.dk\/product\/waves-in-fog-at-onsbaek\/\",\"url\":\"https:\/\/orourke.dk\/product\/waves-in-fog-at-onsbaek\/\",\"name\":\"Waves in fog at Onsb\u00e6k | Daniel John O'Rourke - Kunst - Bornholm\",\"isPartOf\":{\"@id\":\"https:\/\/orourke.dk\/da\/#website\"},\"primaryImageOfPage\":{\"@id\":\"https:\/\/orourke.dk\/product\/waves-in-fog-at-onsbaek\/#primaryimage\"},\"image\":{\"@id\":\"https:\/\/orourke.dk\/product\/waves-in-fog-at-onsbaek\/#primaryimage\"},\"thumbnailUrl\":\"https:\/\/orourke.dk\/wp-content\/uploads\/2023\/09\/Waves-in-fog-at-Onsbaek-scaled.jpg\",\"datePublished\":\"2023-09-03T12:36:03+00:00\",\"dateModified\":\"2024-03-27T07:12:08+00:00\",\"breadcrumb\":{\"@id\":\"https:\/\/orourke.dk\/product\/waves-in-fog-at-onsbaek\/#breadcrumb\"},\"inLanguage\":\"da-DK\",\"potentialAction\":[{\"@type\":\"ReadAction\",\"target\":[\"https:\/\/orourke.dk\/product\/waves-in-fog-at-onsbaek\/\"]}]},{\"@type\":\"ImageObject\",\"inLanguage\":\"da-DK\",\"@id\":\"https:\/\/orourke.dk\/product\/waves-in-fog-at-onsbaek\/#primaryimage\",\"url\":\"https:\/\/orourke.dk\/wp-content\/uploads\/2023\/09\/Waves-in-fog-at-Onsbaek-scaled.jpg\",\"contentUrl\":\"https:\/\/orourke.dk\/wp-content\/uploads\/2023\/09\/Waves-in-fog-at-Onsbaek-scaled.jpg\",\"width\":2560,\"height\":1456,\"caption\":\"\u00a9orourke.dk\"},{\"@type\":\"BreadcrumbList\",\"@id\":\"https:\/\/orourke.dk\/product\/waves-in-fog-at-onsbaek\/#breadcrumb\",\"itemListElement\":[{\"@type\":\"ListItem\",\"position\":1,\"name\":\"Home\",\"item\":\"https:\/\/orourke.dk\/\"},{\"@type\":\"ListItem\",\"position\":2,\"name\":\"Products\",\"item\":\"https:\/\/orourke.dk\/en\/shop\/\"},{\"@type\":\"ListItem\",\"position\":3,\"name\":\"Waves in fog at Onsb\u00e6k\"}]},{\"@type\":\"WebSite\",\"@id\":\"https:\/\/orourke.dk\/da\/#website\",\"url\":\"https:\/\/orourke.dk\/da\/\",\"name\":\"Daniel John O'Rourke - Kunst - Bornholm\",\"description\":\"Kunst fra Bornholm\",\"publisher\":{\"@id\":\"https:\/\/orourke.dk\/da\/#organization\"},\"alternateName\":\"Daniel O'Rourke\",\"potentialAction\":[{\"@type\":\"SearchAction\",\"target\":{\"@type\":\"EntryPoint\",\"urlTemplate\":\"https:\/\/orourke.dk\/da\/?s={search_term_string}\"},\"query-input\":{\"@type\":\"PropertyValueSpecification\",\"valueRequired\":true,\"valueName\":\"search_term_string\"}}],\"inLanguage\":\"da-DK\"},{\"@type\":\"Organization\",\"@id\":\"https:\/\/orourke.dk\/da\/#organization\",\"name\":\"Daniel John O'Rourke - Fine Art\",\"alternateName\":\"Daniel John O'Rourke\",\"url\":\"https:\/\/orourke.dk\/da\/\",\"logo\":{\"@type\":\"ImageObject\",\"inLanguage\":\"da-DK\",\"@id\":\"https:\/\/orourke.dk\/da\/#\/schema\/logo\/image\/\",\"url\":\"http:\/\/orourke.dk\/wp-content\/uploads\/2025\/03\/Daniel-John-ORourke-Logo-square.jpg\",\"contentUrl\":\"http:\/\/orourke.dk\/wp-content\/uploads\/2025\/03\/Daniel-John-ORourke-Logo-square.jpg\",\"width\":2000,\"height\":2000,\"caption\":\"Daniel John O'Rourke - Fine Art\"},\"image\":{\"@id\":\"https:\/\/orourke.dk\/da\/#\/schema\/logo\/image\/\"},\"sameAs\":[\"https:\/\/www.facebook.com\/profile.php?id=100088390129611\",\"https:\/\/www.instagram.com\/daniel_orourke_artist\/\"]}]}<\/script>\n<!-- \/ Yoast SEO plugin. -->","yoast_head_json":{"title":"Waves in fog at Onsb\u00e6k | Daniel John O'Rourke - Kunst - Bornholm","robots":{"index":"index","follow":"follow","max-snippet":"max-snippet:-1","max-image-preview":"max-image-preview:large","max-video-preview":"max-video-preview:-1"},"canonical":"https:\/\/orourke.dk\/da\/product\/waves-in-fog-at-onsbaek\/","og_locale":"da_DK","og_type":"article","og_title":"Waves in fog at Onsb\u00e6k | Daniel John O'Rourke - Kunst - Bornholm","og_description":"FOR SALE at Galleri Rasch, Bornholm from 14\/10\/2023 - Please contact me if you are interested in purchasing this piece. (TIL SALG ved min kommende udstilling i Galleri Rasch, Bornholm fra 14\/10\/2023 - Venligst giv mig besked hvis v\u00e6rket har interesse.)  30.5 x 18 cm  B\u00f8lger bryder frem i t\u00e6tte t\u00e5ge p\u00e5 stranden ved Onsb\u00e6k, Bornholm.  Oliemaleri af Daniel John O'Rourke.","og_url":"https:\/\/orourke.dk\/da\/product\/waves-in-fog-at-onsbaek\/","og_site_name":"Daniel John O'Rourke - Kunst - Bornholm","article_publisher":"https:\/\/www.facebook.com\/profile.php?id=100088390129611","article_modified_time":"2024-03-27T07:12:08+00:00","og_image":[{"width":2560,"height":1456,"url":"https:\/\/orourke.dk\/wp-content\/uploads\/2023\/09\/Waves-in-fog-at-Onsbaek-scaled.jpg","type":"image\/jpeg"}],"twitter_card":"summary_large_image","schema":{"@context":"https:\/\/schema.org","@graph":[{"@type":"WebPage","@id":"https:\/\/orourke.dk\/product\/waves-in-fog-at-onsbaek\/","url":"https:\/\/orourke.dk\/product\/waves-in-fog-at-onsbaek\/","name":"Waves in fog at Onsb\u00e6k | Daniel John O'Rourke - Kunst - Bornholm","isPartOf":{"@id":"https:\/\/orourke.dk\/da\/#website"},"primaryImageOfPage":{"@id":"https:\/\/orourke.dk\/product\/waves-in-fog-at-onsbaek\/#primaryimage"},"image":{"@id":"https:\/\/orourke.dk\/product\/waves-in-fog-at-onsbaek\/#primaryimage"},"thumbnailUrl":"https:\/\/orourke.dk\/wp-content\/uploads\/2023\/09\/Waves-in-fog-at-Onsbaek-scaled.jpg","datePublished":"2023-09-03T12:36:03+00:00","dateModified":"2024-03-27T07:12:08+00:00","breadcrumb":{"@id":"https:\/\/orourke.dk\/product\/waves-in-fog-at-onsbaek\/#breadcrumb"},"inLanguage":"da-DK","potentialAction":[{"@type":"ReadAction","target":["https:\/\/orourke.dk\/product\/waves-in-fog-at-onsbaek\/"]}]},{"@type":"ImageObject","inLanguage":"da-DK","@id":"https:\/\/orourke.dk\/product\/waves-in-fog-at-onsbaek\/#primaryimage","url":"https:\/\/orourke.dk\/wp-content\/uploads\/2023\/09\/Waves-in-fog-at-Onsbaek-scaled.jpg","contentUrl":"https:\/\/orourke.dk\/wp-content\/uploads\/2023\/09\/Waves-in-fog-at-Onsbaek-scaled.jpg","width":2560,"height":1456,"caption":"\u00a9orourke.dk"},{"@type":"BreadcrumbList","@id":"https:\/\/orourke.dk\/product\/waves-in-fog-at-onsbaek\/#breadcrumb","itemListElement":[{"@type":"ListItem","position":1,"name":"Home","item":"https:\/\/orourke.dk\/"},{"@type":"ListItem","position":2,"name":"Products","item":"https:\/\/orourke.dk\/en\/shop\/"},{"@type":"ListItem","position":3,"name":"Waves in fog at Onsb\u00e6k"}]},{"@type":"WebSite","@id":"https:\/\/orourke.dk\/da\/#website","url":"https:\/\/orourke.dk\/da\/","name":"Daniel John O'Rourke - Kunst - Bornholm","description":"Kunst fra Bornholm","publisher":{"@id":"https:\/\/orourke.dk\/da\/#organization"},"alternateName":"Daniel O'Rourke","potentialAction":[{"@type":"SearchAction","target":{"@type":"EntryPoint","urlTemplate":"https:\/\/orourke.dk\/da\/?s={search_term_string}"},"query-input":{"@type":"PropertyValueSpecification","valueRequired":true,"valueName":"search_term_string"}}],"inLanguage":"da-DK"},{"@type":"Organization","@id":"https:\/\/orourke.dk\/da\/#organization","name":"Daniel John O'Rourke - Fine Art","alternateName":"Daniel John O'Rourke","url":"https:\/\/orourke.dk\/da\/","logo":{"@type":"ImageObject","inLanguage":"da-DK","@id":"https:\/\/orourke.dk\/da\/#\/schema\/logo\/image\/","url":"http:\/\/orourke.dk\/wp-content\/uploads\/2025\/03\/Daniel-John-ORourke-Logo-square.jpg","contentUrl":"http:\/\/orourke.dk\/wp-content\/uploads\/2025\/03\/Daniel-John-ORourke-Logo-square.jpg","width":2000,"height":2000,"caption":"Daniel John O'Rourke - Fine Art"},"image":{"@id":"https:\/\/orourke.dk\/da\/#\/schema\/logo\/image\/"},"sameAs":["https:\/\/www.facebook.com\/profile.php?id=100088390129611","https:\/\/www.instagram.com\/daniel_orourke_artist\/"]}]}},"jetpack_sharing_enabled":true,"_links":{"self":[{"href":"https:\/\/orourke.dk\/da\/wp-json\/wp\/v2\/product\/2230","targetHints":{"allow":["GET"]}}],"collection":[{"href":"https:\/\/orourke.dk\/da\/wp-json\/wp\/v2\/product"}],"about":[{"href":"https:\/\/orourke.dk\/da\/wp-json\/wp\/v2\/types\/product"}],"version-history":[{"count":0,"href":"https:\/\/orourke.dk\/da\/wp-json\/wp\/v2\/product\/2230\/revisions"}],"wp:featuredmedia":[{"embeddable":true,"href":"https:\/\/orourke.dk\/da\/wp-json\/wp\/v2\/media\/2231"}],"wp:attachment":[{"href":"https:\/\/orourke.dk\/da\/wp-json\/wp\/v2\/media?parent=2230"}],"wp:term":[{"taxonomy":"product_brand","embeddable":true,"href":"https:\/\/orourke.dk\/da\/wp-json\/wp\/v2\/product_brand?post=2230"},{"taxonomy":"product_cat","embeddable":true,"href":"https:\/\/orourke.dk\/da\/wp-json\/wp\/v2\/product_cat?post=2230"},{"taxonomy":"product_tag","embeddable":true,"href":"https:\/\/orourke.dk\/da\/wp-json\/wp\/v2\/product_tag?post=2230"}],"curies":[{"name":"wp","href":"https:\/\/api.w.org\/{rel}","templated":true}]}}