{"id":3313,"date":"2025-04-11T07:14:49","date_gmt":"2025-04-11T05:14:49","guid":{"rendered":"https:\/\/orourke.dk\/?post_type=product&#038;p=3313"},"modified":"2025-05-20T14:26:07","modified_gmt":"2025-05-20T12:26:07","slug":"butter-and-knife","status":"publish","type":"product","link":"https:\/\/orourke.dk\/da\/product\/butter-and-knife\/","title":{"rendered":"Butter and knife"},"content":{"rendered":"<ul>\n<li>M\u00e5ler: 30cm x 24cm x 2cm<\/li>\n<li>Medium: Oliemaling af professionel kvalitet<\/li>\n<li>Support: Malet p\u00e5 Claessens professionel linnedl\u00e6rred, v\u00e6gt: 285g\/m\u00b2<\/li>\n<\/ul>\n","protected":false},"excerpt":{"rendered":"<p>30 x 24 cm<\/p>\n<p>Et stilleben af sm\u00f8r med en kniv. Nogle gange er det de enkle, dagligdags ting, der er smukke.<\/p>\n","protected":false},"featured_media":3314,"template":"","meta":[],"product_brand":[],"product_cat":[20,17],"product_tag":[],"class_list":{"0":"post-3313","1":"product","2":"type-product","3":"status-publish","4":"has-post-thumbnail","6":"product_cat-sold","7":"product_cat-all","8":"product_shipping_class-small-paintings","10":"first","11":"outofstock","12":"sold-individually","13":"product-type-simple"},"yoast_head":"<!-- This site is optimized with the Yoast SEO plugin v26.6 - https:\/\/yoast.com\/wordpress\/plugins\/seo\/ -->\n<title>Butter and knife | Daniel John O&#039;Rourke - Kunst - Bornholm<\/title>\n<meta name=\"robots\" content=\"index, follow, max-snippet:-1, max-image-preview:large, max-video-preview:-1\" \/>\n<link rel=\"canonical\" href=\"https:\/\/orourke.dk\/da\/product\/butter-and-knife\/\" \/>\n<meta property=\"og:locale\" content=\"da_DK\" \/>\n<meta property=\"og:type\" content=\"article\" \/>\n<meta property=\"og:title\" content=\"Butter and knife | Daniel John O&#039;Rourke - Kunst - Bornholm\" \/>\n<meta property=\"og:description\" content=\"30 x 24 cm  Et stilleben af sm\u00f8r med en kniv. Nogle gange er det de enkle, dagligdags ting, der er smukke.\" \/>\n<meta property=\"og:url\" content=\"https:\/\/orourke.dk\/da\/product\/butter-and-knife\/\" \/>\n<meta property=\"og:site_name\" content=\"Daniel John O&#039;Rourke - Kunst - Bornholm\" \/>\n<meta property=\"article:publisher\" content=\"https:\/\/www.facebook.com\/profile.php?id=100088390129611\" \/>\n<meta property=\"article:modified_time\" content=\"2025-05-20T12:26:07+00:00\" \/>\n<meta property=\"og:image\" content=\"https:\/\/orourke.dk\/wp-content\/uploads\/2025\/04\/Butter-and-knife-scaled.jpg\" \/>\n\t<meta property=\"og:image:width\" content=\"2560\" \/>\n\t<meta property=\"og:image:height\" content=\"2042\" \/>\n\t<meta property=\"og:image:type\" content=\"image\/jpeg\" \/>\n<meta name=\"twitter:card\" content=\"summary_large_image\" \/>\n<meta name=\"twitter:label1\" content=\"Estimeret l\u00e6setid\" \/>\n\t<meta name=\"twitter:data1\" content=\"1 minut\" \/>\n<script type=\"application\/ld+json\" class=\"yoast-schema-graph\">{\"@context\":\"https:\/\/schema.org\",\"@graph\":[{\"@type\":\"WebPage\",\"@id\":\"https:\/\/orourke.dk\/product\/butter-and-knife\/\",\"url\":\"https:\/\/orourke.dk\/product\/butter-and-knife\/\",\"name\":\"Butter and knife | Daniel John O'Rourke - Kunst - Bornholm\",\"isPartOf\":{\"@id\":\"https:\/\/orourke.dk\/da\/#website\"},\"primaryImageOfPage\":{\"@id\":\"https:\/\/orourke.dk\/product\/butter-and-knife\/#primaryimage\"},\"image\":{\"@id\":\"https:\/\/orourke.dk\/product\/butter-and-knife\/#primaryimage\"},\"thumbnailUrl\":\"https:\/\/orourke.dk\/wp-content\/uploads\/2025\/04\/Butter-and-knife-scaled.jpg\",\"datePublished\":\"2025-04-11T05:14:49+00:00\",\"dateModified\":\"2025-05-20T12:26:07+00:00\",\"breadcrumb\":{\"@id\":\"https:\/\/orourke.dk\/product\/butter-and-knife\/#breadcrumb\"},\"inLanguage\":\"da-DK\",\"potentialAction\":[{\"@type\":\"ReadAction\",\"target\":[\"https:\/\/orourke.dk\/product\/butter-and-knife\/\"]}]},{\"@type\":\"ImageObject\",\"inLanguage\":\"da-DK\",\"@id\":\"https:\/\/orourke.dk\/product\/butter-and-knife\/#primaryimage\",\"url\":\"https:\/\/orourke.dk\/wp-content\/uploads\/2025\/04\/Butter-and-knife-scaled.jpg\",\"contentUrl\":\"https:\/\/orourke.dk\/wp-content\/uploads\/2025\/04\/Butter-and-knife-scaled.jpg\",\"width\":2560,\"height\":2042,\"caption\":\"\u00a9orourke.dk\"},{\"@type\":\"BreadcrumbList\",\"@id\":\"https:\/\/orourke.dk\/product\/butter-and-knife\/#breadcrumb\",\"itemListElement\":[{\"@type\":\"ListItem\",\"position\":1,\"name\":\"Home\",\"item\":\"https:\/\/orourke.dk\/\"},{\"@type\":\"ListItem\",\"position\":2,\"name\":\"Products\",\"item\":\"https:\/\/orourke.dk\/en\/shop\/\"},{\"@type\":\"ListItem\",\"position\":3,\"name\":\"Butter and knife\"}]},{\"@type\":\"WebSite\",\"@id\":\"https:\/\/orourke.dk\/da\/#website\",\"url\":\"https:\/\/orourke.dk\/da\/\",\"name\":\"Daniel John O'Rourke - Kunst - Bornholm\",\"description\":\"Kunst fra Bornholm\",\"publisher\":{\"@id\":\"https:\/\/orourke.dk\/da\/#organization\"},\"alternateName\":\"Daniel O'Rourke\",\"potentialAction\":[{\"@type\":\"SearchAction\",\"target\":{\"@type\":\"EntryPoint\",\"urlTemplate\":\"https:\/\/orourke.dk\/da\/?s={search_term_string}\"},\"query-input\":{\"@type\":\"PropertyValueSpecification\",\"valueRequired\":true,\"valueName\":\"search_term_string\"}}],\"inLanguage\":\"da-DK\"},{\"@type\":\"Organization\",\"@id\":\"https:\/\/orourke.dk\/da\/#organization\",\"name\":\"Daniel John O'Rourke - Fine Art\",\"alternateName\":\"Daniel John O'Rourke\",\"url\":\"https:\/\/orourke.dk\/da\/\",\"logo\":{\"@type\":\"ImageObject\",\"inLanguage\":\"da-DK\",\"@id\":\"https:\/\/orourke.dk\/da\/#\/schema\/logo\/image\/\",\"url\":\"http:\/\/orourke.dk\/wp-content\/uploads\/2025\/03\/Daniel-John-ORourke-Logo-square.jpg\",\"contentUrl\":\"http:\/\/orourke.dk\/wp-content\/uploads\/2025\/03\/Daniel-John-ORourke-Logo-square.jpg\",\"width\":2000,\"height\":2000,\"caption\":\"Daniel John O'Rourke - Fine Art\"},\"image\":{\"@id\":\"https:\/\/orourke.dk\/da\/#\/schema\/logo\/image\/\"},\"sameAs\":[\"https:\/\/www.facebook.com\/profile.php?id=100088390129611\",\"https:\/\/www.instagram.com\/daniel_orourke_artist\/\"]}]}<\/script>\n<!-- \/ Yoast SEO plugin. -->","yoast_head_json":{"title":"Butter and knife | Daniel John O'Rourke - Kunst - Bornholm","robots":{"index":"index","follow":"follow","max-snippet":"max-snippet:-1","max-image-preview":"max-image-preview:large","max-video-preview":"max-video-preview:-1"},"canonical":"https:\/\/orourke.dk\/da\/product\/butter-and-knife\/","og_locale":"da_DK","og_type":"article","og_title":"Butter and knife | Daniel John O'Rourke - Kunst - Bornholm","og_description":"30 x 24 cm  Et stilleben af sm\u00f8r med en kniv. Nogle gange er det de enkle, dagligdags ting, der er smukke.","og_url":"https:\/\/orourke.dk\/da\/product\/butter-and-knife\/","og_site_name":"Daniel John O'Rourke - Kunst - Bornholm","article_publisher":"https:\/\/www.facebook.com\/profile.php?id=100088390129611","article_modified_time":"2025-05-20T12:26:07+00:00","og_image":[{"width":2560,"height":2042,"url":"https:\/\/orourke.dk\/wp-content\/uploads\/2025\/04\/Butter-and-knife-scaled.jpg","type":"image\/jpeg"}],"twitter_card":"summary_large_image","twitter_misc":{"Estimeret l\u00e6setid":"1 minut"},"schema":{"@context":"https:\/\/schema.org","@graph":[{"@type":"WebPage","@id":"https:\/\/orourke.dk\/product\/butter-and-knife\/","url":"https:\/\/orourke.dk\/product\/butter-and-knife\/","name":"Butter and knife | Daniel John O'Rourke - Kunst - Bornholm","isPartOf":{"@id":"https:\/\/orourke.dk\/da\/#website"},"primaryImageOfPage":{"@id":"https:\/\/orourke.dk\/product\/butter-and-knife\/#primaryimage"},"image":{"@id":"https:\/\/orourke.dk\/product\/butter-and-knife\/#primaryimage"},"thumbnailUrl":"https:\/\/orourke.dk\/wp-content\/uploads\/2025\/04\/Butter-and-knife-scaled.jpg","datePublished":"2025-04-11T05:14:49+00:00","dateModified":"2025-05-20T12:26:07+00:00","breadcrumb":{"@id":"https:\/\/orourke.dk\/product\/butter-and-knife\/#breadcrumb"},"inLanguage":"da-DK","potentialAction":[{"@type":"ReadAction","target":["https:\/\/orourke.dk\/product\/butter-and-knife\/"]}]},{"@type":"ImageObject","inLanguage":"da-DK","@id":"https:\/\/orourke.dk\/product\/butter-and-knife\/#primaryimage","url":"https:\/\/orourke.dk\/wp-content\/uploads\/2025\/04\/Butter-and-knife-scaled.jpg","contentUrl":"https:\/\/orourke.dk\/wp-content\/uploads\/2025\/04\/Butter-and-knife-scaled.jpg","width":2560,"height":2042,"caption":"\u00a9orourke.dk"},{"@type":"BreadcrumbList","@id":"https:\/\/orourke.dk\/product\/butter-and-knife\/#breadcrumb","itemListElement":[{"@type":"ListItem","position":1,"name":"Home","item":"https:\/\/orourke.dk\/"},{"@type":"ListItem","position":2,"name":"Products","item":"https:\/\/orourke.dk\/en\/shop\/"},{"@type":"ListItem","position":3,"name":"Butter and knife"}]},{"@type":"WebSite","@id":"https:\/\/orourke.dk\/da\/#website","url":"https:\/\/orourke.dk\/da\/","name":"Daniel John O'Rourke - Kunst - Bornholm","description":"Kunst fra Bornholm","publisher":{"@id":"https:\/\/orourke.dk\/da\/#organization"},"alternateName":"Daniel O'Rourke","potentialAction":[{"@type":"SearchAction","target":{"@type":"EntryPoint","urlTemplate":"https:\/\/orourke.dk\/da\/?s={search_term_string}"},"query-input":{"@type":"PropertyValueSpecification","valueRequired":true,"valueName":"search_term_string"}}],"inLanguage":"da-DK"},{"@type":"Organization","@id":"https:\/\/orourke.dk\/da\/#organization","name":"Daniel John O'Rourke - Fine Art","alternateName":"Daniel John O'Rourke","url":"https:\/\/orourke.dk\/da\/","logo":{"@type":"ImageObject","inLanguage":"da-DK","@id":"https:\/\/orourke.dk\/da\/#\/schema\/logo\/image\/","url":"http:\/\/orourke.dk\/wp-content\/uploads\/2025\/03\/Daniel-John-ORourke-Logo-square.jpg","contentUrl":"http:\/\/orourke.dk\/wp-content\/uploads\/2025\/03\/Daniel-John-ORourke-Logo-square.jpg","width":2000,"height":2000,"caption":"Daniel John O'Rourke - Fine Art"},"image":{"@id":"https:\/\/orourke.dk\/da\/#\/schema\/logo\/image\/"},"sameAs":["https:\/\/www.facebook.com\/profile.php?id=100088390129611","https:\/\/www.instagram.com\/daniel_orourke_artist\/"]}]}},"jetpack_sharing_enabled":true,"_links":{"self":[{"href":"https:\/\/orourke.dk\/da\/wp-json\/wp\/v2\/product\/3313","targetHints":{"allow":["GET"]}}],"collection":[{"href":"https:\/\/orourke.dk\/da\/wp-json\/wp\/v2\/product"}],"about":[{"href":"https:\/\/orourke.dk\/da\/wp-json\/wp\/v2\/types\/product"}],"version-history":[{"count":0,"href":"https:\/\/orourke.dk\/da\/wp-json\/wp\/v2\/product\/3313\/revisions"}],"wp:featuredmedia":[{"embeddable":true,"href":"https:\/\/orourke.dk\/da\/wp-json\/wp\/v2\/media\/3314"}],"wp:attachment":[{"href":"https:\/\/orourke.dk\/da\/wp-json\/wp\/v2\/media?parent=3313"}],"wp:term":[{"taxonomy":"product_brand","embeddable":true,"href":"https:\/\/orourke.dk\/da\/wp-json\/wp\/v2\/product_brand?post=3313"},{"taxonomy":"product_cat","embeddable":true,"href":"https:\/\/orourke.dk\/da\/wp-json\/wp\/v2\/product_cat?post=3313"},{"taxonomy":"product_tag","embeddable":true,"href":"https:\/\/orourke.dk\/da\/wp-json\/wp\/v2\/product_tag?post=3313"}],"curies":[{"name":"wp","href":"https:\/\/api.w.org\/{rel}","templated":true}]}}