{"id":1963,"date":"2023-05-16T09:13:21","date_gmt":"2023-05-16T07:13:21","guid":{"rendered":"https:\/\/orourke.dk\/?post_type=product&#038;p=1963"},"modified":"2024-03-27T08:19:05","modified_gmt":"2024-03-27T07:19:05","slug":"into-the-light","status":"publish","type":"product","link":"https:\/\/orourke.dk\/en\/product\/into-the-light\/","title":{"rendered":"Into the Light"},"content":{"rendered":"<p>Measurements: 40cm x 30cm x 1.8cm<br \/>\nMedium: Oil paint of professional quality<br \/>\nPainting surface: Painted on a fibreboard, protected with one coat of primer and four coats of gesso<br \/>\nThe painting is mounted on a support frame so can be hung on the wall as is or framed<\/p>","protected":false},"excerpt":{"rendered":"<p>30 x 40 cm<\/p>\n<p>Vinder af f\u00f8rste plads ved Bornholms Censurerede Udstilling 2023.<\/p>\n<p>Juryen om &#8220;Into the light&#8221;:<\/p>\n<p>&#8220;Vi ser et lille maleri, som underst\u00f8tter det intime og n\u00e6rv\u00e6rende udtryk i en fort\u00e6ttet oplevelse. Det er fortalt og udf\u00f8rt med en stor teknisk beherskelse af penselstr\u00f8g og kolorit.<\/p>\n<p>Et genkendeligt motiv med udgangspunkt i en hverdagssituation i en nutidsscene.<\/p>\n<p>Men der er ogs\u00e5 noget mystisk.<\/p>\n<p>P\u00e5 trods af de genkendelige elementer, hegn og lampe, forekommer motivet at kunne udspille sig l\u00f8srevet fra tid og sted&#8221;.<\/p>\n<p>Juryen 2023 bestod af Anne Riber, Anne Sofie Meldgaard, Bettina K\u00f8ppe og Sofie Amalie Andersen.<\/p>","protected":false},"featured_media":1958,"template":"","meta":[],"product_brand":[],"product_cat":[20,17],"product_tag":[],"class_list":{"0":"post-1963","1":"product","2":"type-product","3":"status-publish","4":"has-post-thumbnail","6":"product_cat-sold","7":"product_cat-all","8":"product_shipping_class-small-paintings","10":"first","11":"outofstock","12":"sold-individually","13":"shipping-taxable","14":"product-type-simple"},"yoast_head":"<!-- This site is optimized with the Yoast SEO plugin v26.6 - https:\/\/yoast.com\/wordpress\/plugins\/seo\/ -->\n<title>Into the Light | Daniel John O&#039;Rourke - Kunst - Bornholm<\/title>\n<meta name=\"robots\" content=\"index, follow, max-snippet:-1, max-image-preview:large, max-video-preview:-1\" \/>\n<link rel=\"canonical\" href=\"https:\/\/orourke.dk\/en\/product\/into-the-light\/\" \/>\n<meta property=\"og:locale\" content=\"en_GB\" \/>\n<meta property=\"og:type\" content=\"article\" \/>\n<meta property=\"og:title\" content=\"Into the Light | Daniel John O&#039;Rourke - Kunst - Bornholm\" \/>\n<meta property=\"og:description\" content=\"30 x 40 cm  Vinder af f\u00f8rste plads ved Bornholms Censurerede Udstilling 2023.  Juryen om &quot;Into the light&quot;:  &quot;Vi ser et lille maleri, som underst\u00f8tter det intime og n\u00e6rv\u00e6rende udtryk i en fort\u00e6ttet oplevelse. Det er fortalt og udf\u00f8rt med en stor teknisk beherskelse af penselstr\u00f8g og kolorit.  Et genkendeligt motiv med udgangspunkt i en hverdagssituation i en nutidsscene.  Men der er ogs\u00e5 noget mystisk.  P\u00e5 trods af de genkendelige elementer, hegn og lampe, forekommer motivet at kunne udspille sig l\u00f8srevet fra tid og sted&quot;.  Juryen 2023 bestod af Anne Riber, Anne Sofie Meldgaard, Bettina K\u00f8ppe og Sofie Amalie Andersen.\" \/>\n<meta property=\"og:url\" content=\"https:\/\/orourke.dk\/en\/product\/into-the-light\/\" \/>\n<meta property=\"og:site_name\" content=\"Daniel John O&#039;Rourke - Kunst - Bornholm\" \/>\n<meta property=\"article:publisher\" content=\"https:\/\/www.facebook.com\/profile.php?id=100088390129611\" \/>\n<meta property=\"article:modified_time\" content=\"2024-03-27T07:19:05+00:00\" \/>\n<meta property=\"og:image\" content=\"https:\/\/orourke.dk\/wp-content\/uploads\/2023\/05\/Into-the-light-scaled.jpg\" \/>\n\t<meta property=\"og:image:width\" content=\"1889\" \/>\n\t<meta property=\"og:image:height\" content=\"2560\" \/>\n\t<meta property=\"og:image:type\" content=\"image\/jpeg\" \/>\n<meta name=\"twitter:card\" content=\"summary_large_image\" \/>\n<script type=\"application\/ld+json\" class=\"yoast-schema-graph\">{\"@context\":\"https:\/\/schema.org\",\"@graph\":[{\"@type\":\"WebPage\",\"@id\":\"https:\/\/orourke.dk\/product\/into-the-light\/\",\"url\":\"https:\/\/orourke.dk\/product\/into-the-light\/\",\"name\":\"Into the Light | Daniel John O'Rourke - Kunst - Bornholm\",\"isPartOf\":{\"@id\":\"https:\/\/orourke.dk\/da\/#website\"},\"primaryImageOfPage\":{\"@id\":\"https:\/\/orourke.dk\/product\/into-the-light\/#primaryimage\"},\"image\":{\"@id\":\"https:\/\/orourke.dk\/product\/into-the-light\/#primaryimage\"},\"thumbnailUrl\":\"https:\/\/orourke.dk\/wp-content\/uploads\/2023\/05\/Into-the-light-scaled.jpg\",\"datePublished\":\"2023-05-16T07:13:21+00:00\",\"dateModified\":\"2024-03-27T07:19:05+00:00\",\"breadcrumb\":{\"@id\":\"https:\/\/orourke.dk\/product\/into-the-light\/#breadcrumb\"},\"inLanguage\":\"en-GB\",\"potentialAction\":[{\"@type\":\"ReadAction\",\"target\":[\"https:\/\/orourke.dk\/product\/into-the-light\/\"]}]},{\"@type\":\"ImageObject\",\"inLanguage\":\"en-GB\",\"@id\":\"https:\/\/orourke.dk\/product\/into-the-light\/#primaryimage\",\"url\":\"https:\/\/orourke.dk\/wp-content\/uploads\/2023\/05\/Into-the-light-scaled.jpg\",\"contentUrl\":\"https:\/\/orourke.dk\/wp-content\/uploads\/2023\/05\/Into-the-light-scaled.jpg\",\"width\":1889,\"height\":2560,\"caption\":\"\u00a9orourke.dk\"},{\"@type\":\"BreadcrumbList\",\"@id\":\"https:\/\/orourke.dk\/product\/into-the-light\/#breadcrumb\",\"itemListElement\":[{\"@type\":\"ListItem\",\"position\":1,\"name\":\"Home\",\"item\":\"https:\/\/orourke.dk\/\"},{\"@type\":\"ListItem\",\"position\":2,\"name\":\"Products\",\"item\":\"https:\/\/orourke.dk\/en\/shop\/\"},{\"@type\":\"ListItem\",\"position\":3,\"name\":\"Into the Light\"}]},{\"@type\":\"WebSite\",\"@id\":\"https:\/\/orourke.dk\/da\/#website\",\"url\":\"https:\/\/orourke.dk\/da\/\",\"name\":\"Daniel John O'Rourke - Kunst - Bornholm\",\"description\":\"Kunst fra Bornholm\",\"publisher\":{\"@id\":\"https:\/\/orourke.dk\/da\/#organization\"},\"alternateName\":\"Daniel O'Rourke\",\"potentialAction\":[{\"@type\":\"SearchAction\",\"target\":{\"@type\":\"EntryPoint\",\"urlTemplate\":\"https:\/\/orourke.dk\/da\/?s={search_term_string}\"},\"query-input\":{\"@type\":\"PropertyValueSpecification\",\"valueRequired\":true,\"valueName\":\"search_term_string\"}}],\"inLanguage\":\"en-GB\"},{\"@type\":\"Organization\",\"@id\":\"https:\/\/orourke.dk\/da\/#organization\",\"name\":\"Daniel John O'Rourke - Fine Art\",\"alternateName\":\"Daniel John O'Rourke\",\"url\":\"https:\/\/orourke.dk\/da\/\",\"logo\":{\"@type\":\"ImageObject\",\"inLanguage\":\"en-GB\",\"@id\":\"https:\/\/orourke.dk\/da\/#\/schema\/logo\/image\/\",\"url\":\"http:\/\/orourke.dk\/wp-content\/uploads\/2025\/03\/Daniel-John-ORourke-Logo-square.jpg\",\"contentUrl\":\"http:\/\/orourke.dk\/wp-content\/uploads\/2025\/03\/Daniel-John-ORourke-Logo-square.jpg\",\"width\":2000,\"height\":2000,\"caption\":\"Daniel John O'Rourke - Fine Art\"},\"image\":{\"@id\":\"https:\/\/orourke.dk\/da\/#\/schema\/logo\/image\/\"},\"sameAs\":[\"https:\/\/www.facebook.com\/profile.php?id=100088390129611\",\"https:\/\/www.instagram.com\/daniel_orourke_artist\/\"]}]}<\/script>\n<!-- \/ Yoast SEO plugin. -->","yoast_head_json":{"title":"Into the Light | Daniel John O'Rourke - Kunst - Bornholm","robots":{"index":"index","follow":"follow","max-snippet":"max-snippet:-1","max-image-preview":"max-image-preview:large","max-video-preview":"max-video-preview:-1"},"canonical":"https:\/\/orourke.dk\/en\/product\/into-the-light\/","og_locale":"en_GB","og_type":"article","og_title":"Into the Light | Daniel John O'Rourke - Kunst - Bornholm","og_description":"30 x 40 cm  Vinder af f\u00f8rste plads ved Bornholms Censurerede Udstilling 2023.  Juryen om \"Into the light\":  \"Vi ser et lille maleri, som underst\u00f8tter det intime og n\u00e6rv\u00e6rende udtryk i en fort\u00e6ttet oplevelse. Det er fortalt og udf\u00f8rt med en stor teknisk beherskelse af penselstr\u00f8g og kolorit.  Et genkendeligt motiv med udgangspunkt i en hverdagssituation i en nutidsscene.  Men der er ogs\u00e5 noget mystisk.  P\u00e5 trods af de genkendelige elementer, hegn og lampe, forekommer motivet at kunne udspille sig l\u00f8srevet fra tid og sted\".  Juryen 2023 bestod af Anne Riber, Anne Sofie Meldgaard, Bettina K\u00f8ppe og Sofie Amalie Andersen.","og_url":"https:\/\/orourke.dk\/en\/product\/into-the-light\/","og_site_name":"Daniel John O'Rourke - Kunst - Bornholm","article_publisher":"https:\/\/www.facebook.com\/profile.php?id=100088390129611","article_modified_time":"2024-03-27T07:19:05+00:00","og_image":[{"width":1889,"height":2560,"url":"https:\/\/orourke.dk\/wp-content\/uploads\/2023\/05\/Into-the-light-scaled.jpg","type":"image\/jpeg"}],"twitter_card":"summary_large_image","schema":{"@context":"https:\/\/schema.org","@graph":[{"@type":"WebPage","@id":"https:\/\/orourke.dk\/product\/into-the-light\/","url":"https:\/\/orourke.dk\/product\/into-the-light\/","name":"Into the Light | Daniel John O'Rourke - Kunst - Bornholm","isPartOf":{"@id":"https:\/\/orourke.dk\/da\/#website"},"primaryImageOfPage":{"@id":"https:\/\/orourke.dk\/product\/into-the-light\/#primaryimage"},"image":{"@id":"https:\/\/orourke.dk\/product\/into-the-light\/#primaryimage"},"thumbnailUrl":"https:\/\/orourke.dk\/wp-content\/uploads\/2023\/05\/Into-the-light-scaled.jpg","datePublished":"2023-05-16T07:13:21+00:00","dateModified":"2024-03-27T07:19:05+00:00","breadcrumb":{"@id":"https:\/\/orourke.dk\/product\/into-the-light\/#breadcrumb"},"inLanguage":"en-GB","potentialAction":[{"@type":"ReadAction","target":["https:\/\/orourke.dk\/product\/into-the-light\/"]}]},{"@type":"ImageObject","inLanguage":"en-GB","@id":"https:\/\/orourke.dk\/product\/into-the-light\/#primaryimage","url":"https:\/\/orourke.dk\/wp-content\/uploads\/2023\/05\/Into-the-light-scaled.jpg","contentUrl":"https:\/\/orourke.dk\/wp-content\/uploads\/2023\/05\/Into-the-light-scaled.jpg","width":1889,"height":2560,"caption":"\u00a9orourke.dk"},{"@type":"BreadcrumbList","@id":"https:\/\/orourke.dk\/product\/into-the-light\/#breadcrumb","itemListElement":[{"@type":"ListItem","position":1,"name":"Home","item":"https:\/\/orourke.dk\/"},{"@type":"ListItem","position":2,"name":"Products","item":"https:\/\/orourke.dk\/en\/shop\/"},{"@type":"ListItem","position":3,"name":"Into the Light"}]},{"@type":"WebSite","@id":"https:\/\/orourke.dk\/da\/#website","url":"https:\/\/orourke.dk\/da\/","name":"Daniel John O'Rourke - Kunst - Bornholm","description":"Kunst fra Bornholm","publisher":{"@id":"https:\/\/orourke.dk\/da\/#organization"},"alternateName":"Daniel O'Rourke","potentialAction":[{"@type":"SearchAction","target":{"@type":"EntryPoint","urlTemplate":"https:\/\/orourke.dk\/da\/?s={search_term_string}"},"query-input":{"@type":"PropertyValueSpecification","valueRequired":true,"valueName":"search_term_string"}}],"inLanguage":"en-GB"},{"@type":"Organization","@id":"https:\/\/orourke.dk\/da\/#organization","name":"Daniel John O'Rourke - Fine Art","alternateName":"Daniel John O'Rourke","url":"https:\/\/orourke.dk\/da\/","logo":{"@type":"ImageObject","inLanguage":"en-GB","@id":"https:\/\/orourke.dk\/da\/#\/schema\/logo\/image\/","url":"http:\/\/orourke.dk\/wp-content\/uploads\/2025\/03\/Daniel-John-ORourke-Logo-square.jpg","contentUrl":"http:\/\/orourke.dk\/wp-content\/uploads\/2025\/03\/Daniel-John-ORourke-Logo-square.jpg","width":2000,"height":2000,"caption":"Daniel John O'Rourke - Fine Art"},"image":{"@id":"https:\/\/orourke.dk\/da\/#\/schema\/logo\/image\/"},"sameAs":["https:\/\/www.facebook.com\/profile.php?id=100088390129611","https:\/\/www.instagram.com\/daniel_orourke_artist\/"]}]}},"jetpack_sharing_enabled":true,"_links":{"self":[{"href":"https:\/\/orourke.dk\/en\/wp-json\/wp\/v2\/product\/1963","targetHints":{"allow":["GET"]}}],"collection":[{"href":"https:\/\/orourke.dk\/en\/wp-json\/wp\/v2\/product"}],"about":[{"href":"https:\/\/orourke.dk\/en\/wp-json\/wp\/v2\/types\/product"}],"version-history":[{"count":0,"href":"https:\/\/orourke.dk\/en\/wp-json\/wp\/v2\/product\/1963\/revisions"}],"wp:featuredmedia":[{"embeddable":true,"href":"https:\/\/orourke.dk\/en\/wp-json\/wp\/v2\/media\/1958"}],"wp:attachment":[{"href":"https:\/\/orourke.dk\/en\/wp-json\/wp\/v2\/media?parent=1963"}],"wp:term":[{"taxonomy":"product_brand","embeddable":true,"href":"https:\/\/orourke.dk\/en\/wp-json\/wp\/v2\/product_brand?post=1963"},{"taxonomy":"product_cat","embeddable":true,"href":"https:\/\/orourke.dk\/en\/wp-json\/wp\/v2\/product_cat?post=1963"},{"taxonomy":"product_tag","embeddable":true,"href":"https:\/\/orourke.dk\/en\/wp-json\/wp\/v2\/product_tag?post=1963"}],"curies":[{"name":"wp","href":"https:\/\/api.w.org\/{rel}","templated":true}]}}