{"id":3382,"date":"2025-05-21T15:03:20","date_gmt":"2025-05-21T13:03:20","guid":{"rendered":"https:\/\/orourke.dk\/?post_type=product&#038;p=3382"},"modified":"2025-05-21T15:04:15","modified_gmt":"2025-05-21T13:04:15","slug":"the-moon-over-birkelund","status":"publish","type":"product","link":"https:\/\/orourke.dk\/en\/product\/the-moon-over-birkelund\/","title":{"rendered":"The moon over Birkelund"},"content":{"rendered":"<ul>\n<li>Measurements: 80cm x 60cm x 2cm<\/li>\n<li>Medium: Oil paint of professional quality<\/li>\n<li>Support: Painted on Claessens professional linen canvas, weight: 285g\/m\u00b2<\/li>\n<\/ul>","protected":false},"excerpt":{"rendered":"<p>60 x 80 cm<\/p>\n<p>M\u00e5neskinnet str\u00f8mmer ud over tr\u00e6toppene ved Birkelund n\u00e6r Rutsker Plantage p\u00e5 Bornholm.<\/p>","protected":false},"featured_media":3383,"template":"","meta":[],"product_brand":[],"product_cat":[20,17],"product_tag":[],"class_list":{"0":"post-3382","1":"product","2":"type-product","3":"status-publish","4":"has-post-thumbnail","6":"product_cat-sold","7":"product_cat-all","8":"product_shipping_class-large-paintings","10":"first","11":"outofstock","12":"sold-individually","13":"product-type-simple"},"jetpack_sharing_enabled":true,"_links":{"self":[{"href":"https:\/\/orourke.dk\/en\/wp-json\/wp\/v2\/product\/3382","targetHints":{"allow":["GET"]}}],"collection":[{"href":"https:\/\/orourke.dk\/en\/wp-json\/wp\/v2\/product"}],"about":[{"href":"https:\/\/orourke.dk\/en\/wp-json\/wp\/v2\/types\/product"}],"version-history":[{"count":0,"href":"https:\/\/orourke.dk\/en\/wp-json\/wp\/v2\/product\/3382\/revisions"}],"wp:featuredmedia":[{"embeddable":true,"href":"https:\/\/orourke.dk\/en\/wp-json\/wp\/v2\/media\/3383"}],"wp:attachment":[{"href":"https:\/\/orourke.dk\/en\/wp-json\/wp\/v2\/media?parent=3382"}],"wp:term":[{"taxonomy":"product_brand","embeddable":true,"href":"https:\/\/orourke.dk\/en\/wp-json\/wp\/v2\/product_brand?post=3382"},{"taxonomy":"product_cat","embeddable":true,"href":"https:\/\/orourke.dk\/en\/wp-json\/wp\/v2\/product_cat?post=3382"},{"taxonomy":"product_tag","embeddable":true,"href":"https:\/\/orourke.dk\/en\/wp-json\/wp\/v2\/product_tag?post=3382"}],"curies":[{"name":"wp","href":"https:\/\/api.w.org\/{rel}","templated":true}]}}